{"id":1167,"date":"2021-11-30T16:44:32","date_gmt":"2021-11-30T16:44:32","guid":{"rendered":"https:\/\/nickprod.com\/chapiteau\/"},"modified":"2022-10-20T20:02:55","modified_gmt":"2022-10-20T20:02:55","slug":"tents","status":"publish","type":"page","link":"https:\/\/nickprod.com\/en\/tents\/","title":{"rendered":"Tents"},"content":{"rendered":"<p>[vc_row full_width=&#8221;stretch_row_content_no_spaces&#8221; bg_type=&#8221;bg_color&#8221; bg_override=&#8221;full&#8221; bg_color_value=&#8221;#000000&#8243;][vc_column][vc_single_image image=&#8221;1222&#8243; img_size=&#8221;1621 x 298&#8243; alignment=&#8221;center&#8221;][\/vc_column][\/vc_row][vc_row bg_type=&#8221;bg_color&#8221; bg_override=&#8221;full&#8221; bg_color_value=&#8221;#000000&#8243;][vc_column][vc_column_text]NICKPROD is the leader in marquee rental in the Laurentians! Our magnificent regular and clear-roofed marquees will be the perfect addition to your outdoor event. Whether it&#8217;s for a wedding, a corporate event, a private event or even a festival, we have the marquee for you!<\/p>\n<h2>Our sizes of tents ?<\/h2>\n<p>It&#8217;s pretty simple, it starts at 10\u00d710 up to SKY IS THE LIMIT. At NICKPROD we like to take up challenges!<\/p>\n<p>Contact us to discuss your needs and we will be happy to advise you.[\/vc_column_text][vc_empty_space][mvc_advanced_button btn_animation=&#8221;button&#8211;float&#8221; icon_position=&#8221;right&#8221; btn_text=&#8221;<b>Start the adventure!<\/b>&#8221; btn_size=&#8221;16&#8243; icon_size=&#8221;16&#8243; use_theme_fonts=&#8221;yes&#8221; btn_icon=&#8221;fas fa-angle-right&#8221; btn_clr=&#8221;#000000&#8243; btn_bg=&#8221;#ffffff&#8221; btn_hvrclr=&#8221;#000000&#8243; btn_hvrbg=&#8221;#ffffff&#8221; btn_radius=&#8221;15&#8243; btn_url=&#8221;url:https%3A%2F%2Fnickprod.com%2Fcontact%2F|title:Contact&#8221;][vc_empty_space]<style type=\"text\/css\" data-type=\"the7_shortcodes-inline-css\">.gallery-carousel-shortcode.gallery-carousel-shortcode-id-9765c1ed18f9e12bfacdb0cf1b5c5d2d .owl-nav a {\n  width: 36px;\n  height: 36px;\n  border-radius: 500px;\n}\n.dt-arrow-border-on.gallery-carousel-shortcode.gallery-carousel-shortcode-id-9765c1ed18f9e12bfacdb0cf1b5c5d2d .owl-nav a:not(:hover):before {\n  border-width: 0px;\n}\n.dt-arrow-hover-border-on.gallery-carousel-shortcode.gallery-carousel-shortcode-id-9765c1ed18f9e12bfacdb0cf1b5c5d2d .owl-nav a:hover:after {\n  border-width: 0px;\n}\n.gallery-carousel-shortcode.gallery-carousel-shortcode-id-9765c1ed18f9e12bfacdb0cf1b5c5d2d .owl-nav a.owl-prev {\n  top: 50%;\n  transform: translateY(calc(-50% + 0px));\n  left: -43px;\n}\n@media all and (-ms-high-contrast: none) {\n  .gallery-carousel-shortcode.gallery-carousel-shortcode-id-9765c1ed18f9e12bfacdb0cf1b5c5d2d .owl-nav a.owl-prev {\n    transform: translateY(-50%);\n    margin-top: 0px;\n  }\n}\n.gallery-carousel-shortcode.gallery-carousel-shortcode-id-9765c1ed18f9e12bfacdb0cf1b5c5d2d .owl-nav a.owl-prev i {\n  padding: 0px 0px 0px 0px;\n}\n.gallery-carousel-shortcode.gallery-carousel-shortcode-id-9765c1ed18f9e12bfacdb0cf1b5c5d2d .owl-nav a.owl-next {\n  top: 50%;\n  transform: translateY(calc(-50% + 0px));\n  right: -43px;\n}\n@media all and (-ms-high-contrast: none) {\n  .gallery-carousel-shortcode.gallery-carousel-shortcode-id-9765c1ed18f9e12bfacdb0cf1b5c5d2d .owl-nav a.owl-next {\n    transform: translateY(-50%);\n    margin-top: 0px;\n  }\n}\n.gallery-carousel-shortcode.gallery-carousel-shortcode-id-9765c1ed18f9e12bfacdb0cf1b5c5d2d .owl-nav a.owl-next i {\n  padding: 0px 0px 0px 0px;\n}\n.gallery-carousel-shortcode.gallery-carousel-shortcode-id-9765c1ed18f9e12bfacdb0cf1b5c5d2d .owl-nav i {\n  font-size: 16px;\n}\n.gallery-carousel-shortcode.gallery-carousel-shortcode-id-9765c1ed18f9e12bfacdb0cf1b5c5d2d .owl-nav a:not(:hover) i,\n.gallery-carousel-shortcode.gallery-carousel-shortcode-id-9765c1ed18f9e12bfacdb0cf1b5c5d2d .owl-nav a:not(:hover) i:before {\n  color: #f5f5f5;\n  background: none;\n}\n.gallery-carousel-shortcode.gallery-carousel-shortcode-id-9765c1ed18f9e12bfacdb0cf1b5c5d2d .owl-nav a:hover i,\n.gallery-carousel-shortcode.gallery-carousel-shortcode-id-9765c1ed18f9e12bfacdb0cf1b5c5d2d .owl-nav a:hover i:before {\n  color: #dbdbdb;\n  background: none;\n}\n.gallery-carousel-shortcode.gallery-carousel-shortcode-id-9765c1ed18f9e12bfacdb0cf1b5c5d2d .owl-dots {\n  top: calc(100% + 20px);\n  left: 50%;\n  transform: translateX(calc(-50% + 0px));\n}\n@media all and (-ms-high-contrast: none) {\n  .gallery-carousel-shortcode.gallery-carousel-shortcode-id-9765c1ed18f9e12bfacdb0cf1b5c5d2d .owl-dots {\n    transform: translateX(-50%);\n    margin-left: 0px;\n  }\n}\n.gallery-carousel-shortcode.gallery-carousel-shortcode-id-9765c1ed18f9e12bfacdb0cf1b5c5d2d .owl-dot {\n  width: 10px;\n  height: 10px;\n  margin: 0 8px;\n}\n@media screen and (max-width: 778px) {\n  .gallery-carousel-shortcode.gallery-carousel-shortcode-id-9765c1ed18f9e12bfacdb0cf1b5c5d2d.hide-arrows .owl-nav a {\n    display: none;\n  }\n}\n@media screen and (max-width: 778px) {\n  .gallery-carousel-shortcode.gallery-carousel-shortcode-id-9765c1ed18f9e12bfacdb0cf1b5c5d2d.reposition-arrows .owl-nav .owl-prev {\n    top: 50%;\n    transform: translateY(calc(-50% + 0px));\n    left: 10px;\n  }\n  .gallery-carousel-shortcode.gallery-carousel-shortcode-id-9765c1ed18f9e12bfacdb0cf1b5c5d2d.reposition-arrows .owl-nav .owl-next {\n    top: 50%;\n    transform: translateY(calc(-50% + 0px));\n    right: 10px;\n  }\n}\n@media screen and (max-width: 778px) and all and (-ms-high-contrast: none) {\n  .gallery-carousel-shortcode.gallery-carousel-shortcode-id-9765c1ed18f9e12bfacdb0cf1b5c5d2d.reposition-arrows .owl-nav .owl-prev {\n    transform: translateY(-50%);\n    margin-top: 0px;\n  }\n}\n@media screen and (max-width: 778px) and all and (-ms-high-contrast: none) {\n  .gallery-carousel-shortcode.gallery-carousel-shortcode-id-9765c1ed18f9e12bfacdb0cf1b5c5d2d.reposition-arrows .owl-nav .owl-next {\n    transform: translateY(-50%);\n    margin-top: 0px;\n  }\n}\n.gallery-carousel-shortcode.gallery-carousel-shortcode-id-9765c1ed18f9e12bfacdb0cf1b5c5d2d figure,\n.gallery-carousel-shortcode.gallery-carousel-shortcode-id-9765c1ed18f9e12bfacdb0cf1b5c5d2d .rollover,\n.gallery-carousel-shortcode.gallery-carousel-shortcode-id-9765c1ed18f9e12bfacdb0cf1b5c5d2d img,\n.gallery-carousel-shortcode.gallery-carousel-shortcode-id-9765c1ed18f9e12bfacdb0cf1b5c5d2d .gallery-rollover {\n  border-radius: 0px;\n}\n.gallery-carousel-shortcode.gallery-carousel-shortcode-id-9765c1ed18f9e12bfacdb0cf1b5c5d2d.enable-bg-rollover .gallery-rollover {\n  background: rgba(0,0,0,0.3);\n  box-shadow: none;\n  background: -webkit-linear-gradient();\n  background: linear-gradient();\n}\n.gallery-carousel-shortcode.gallery-carousel-shortcode-id-9765c1ed18f9e12bfacdb0cf1b5c5d2d.enable-img-shadow .owl-stage-outer {\n  padding: 14px 0;\n}\n.gallery-carousel-shortcode.gallery-carousel-shortcode-id-9765c1ed18f9e12bfacdb0cf1b5c5d2d.enable-bg-rollover.hover-scale figure .rollover:after {\n  background: rgba(0,0,0,0.3);\n  box-shadow: none;\n  background: -webkit-linear-gradient();\n  background: linear-gradient();\n}\n.gallery-carousel-shortcode.gallery-carousel-shortcode-id-9765c1ed18f9e12bfacdb0cf1b5c5d2d.gallery-shortcode .gallery-zoom-ico {\n  width: 44px;\n  height: 44px;\n  line-height: 44px;\n  border-radius: 100px;\n  margin: -22px 0 0 -22px;\n  border-width: 0px;\n}\n.dt-icon-bg-on.gallery-carousel-shortcode.gallery-carousel-shortcode-id-9765c1ed18f9e12bfacdb0cf1b5c5d2d.gallery-shortcode .gallery-zoom-ico {\n  background: rgba(255,255,255,0.3);\n  box-shadow: none;\n}\n.gallery-carousel-shortcode.gallery-carousel-shortcode-id-9765c1ed18f9e12bfacdb0cf1b5c5d2d.gallery-shortcode .gallery-zoom-ico:before,\n.gallery-carousel-shortcode.gallery-carousel-shortcode-id-9765c1ed18f9e12bfacdb0cf1b5c5d2d.gallery-shortcode .gallery-zoom-ico span {\n  font-size: 20px;\n  line-height: 44px;\n  color: #dbdbdb;\n  background: none;\n}\n<\/style><div class=\"owl-carousel gallery-carousel-shortcode gallery-shortcode  dt-gallery-container dt-owl-carousel-call gallery-carousel-shortcode-id-9765c1ed18f9e12bfacdb0cf1b5c5d2d scale-img enable-bg-rollover meta-info-off bullets-small-dot-stroke reposition-arrows dt-icon-bg-off arrows-bg-off disable-arrows-hover-bg arrows-hover-bg-off  hover-fade \" data-scroll-mode=\"1\" data-col-num=\"1\" data-wide-col-num=\"1\" data-laptop-col=\"1\" data-h-tablet-columns-num=\"1\" data-v-tablet-columns-num=\"1\" data-phone-columns-num=\"1\" data-col-gap=\"10\" data-stage-padding=\"0\" data-speed=\"600\" data-autoplay=\"false\" data-autoplay_speed=\"6000\" data-arrows=\"true\" data-bullet=\"false\" data-next-icon=\"icon-ar-017-r\" data-prev-icon=\"icon-ar-017-l\" data-img-shadow-size=\"12px\" data-img-shadow-spread=\"3px\"><div data-post-id=\"985\" data-date=\"2021-12-16T21:17:06+00:00\" data-name=\"Location de d&#039;\u00e9quipements pour vos mariage ou party priv\u00e9 situ\u00e9 dans les Laurentides\"><figure class=\"post\"><a href=\"https:\/\/nickprod.com\/wp-content\/uploads\/2021\/12\/nickprod-chapiteau-04.jpg\" class=\"rollover dt-pswp-item layzr-bg\" data-large_image_width=\"1200\" data-large_image_height=\"675\" data-dt-img-description=\"Location de nappe, tables, chaises, d\u00e9cor sur mesure, wedding, photographe\" title=\"Location de d&#8217;\u00e9quipements pour vos mariage ou party priv\u00e9 situ\u00e9 dans les Laurentides\"><img loading=\"lazy\" decoding=\"async\" class=\"preload-me owl-lazy-load\" src=\"data:image\/svg+xml,%3Csvg%20xmlns%3D&#39;http%3A%2F%2Fwww.w3.org%2F2000%2Fsvg&#39;%20viewBox%3D&#39;0%200%201200%20675&#39;%2F%3E\" data-src=\"https:\/\/nickprod.com\/wp-content\/uploads\/2021\/12\/nickprod-chapiteau-04.jpg\" data-srcset=\"https:\/\/nickprod.com\/wp-content\/uploads\/2021\/12\/nickprod-chapiteau-04.jpg 1200w\" alt=\"\" width=\"1200\" height=\"675\"  \/><span class=\"gallery-rollover\"><span class=\"gallery-zoom-ico icomoon-the7-font-the7-zoom-08\"><span><\/span><\/span><\/span><\/a><\/figure><\/div><div data-post-id=\"982\" data-date=\"2021-12-16T21:16:21+00:00\" data-name=\"\"><figure class=\"post\"><a href=\"https:\/\/nickprod.com\/wp-content\/uploads\/2021\/12\/nickprod-chapiteau-01.jpg\" class=\"rollover dt-pswp-item layzr-bg\" data-large_image_width=\"1200\" data-large_image_height=\"675\" data-dt-img-description=\"\" ><img loading=\"lazy\" decoding=\"async\" class=\"preload-me owl-lazy-load\" src=\"data:image\/svg+xml,%3Csvg%20xmlns%3D&#39;http%3A%2F%2Fwww.w3.org%2F2000%2Fsvg&#39;%20viewBox%3D&#39;0%200%201200%20675&#39;%2F%3E\" data-src=\"https:\/\/nickprod.com\/wp-content\/uploads\/2021\/12\/nickprod-chapiteau-01.jpg\" data-srcset=\"https:\/\/nickprod.com\/wp-content\/uploads\/2021\/12\/nickprod-chapiteau-01.jpg 1200w\" alt=\"\" width=\"1200\" height=\"675\"  \/><span class=\"gallery-rollover\"><span class=\"gallery-zoom-ico icomoon-the7-font-the7-zoom-08\"><span><\/span><\/span><\/span><\/a><\/figure><\/div><div data-post-id=\"983\" data-date=\"2021-12-16T21:16:35+00:00\" data-name=\"\"><figure class=\"post\"><a href=\"https:\/\/nickprod.com\/wp-content\/uploads\/2021\/12\/nickprod-chapiteau-02.jpg\" class=\"rollover dt-pswp-item layzr-bg\" data-large_image_width=\"1200\" data-large_image_height=\"675\" data-dt-img-description=\"\" ><img loading=\"lazy\" decoding=\"async\" class=\"preload-me owl-lazy-load\" src=\"data:image\/svg+xml,%3Csvg%20xmlns%3D&#39;http%3A%2F%2Fwww.w3.org%2F2000%2Fsvg&#39;%20viewBox%3D&#39;0%200%201200%20675&#39;%2F%3E\" data-src=\"https:\/\/nickprod.com\/wp-content\/uploads\/2021\/12\/nickprod-chapiteau-02.jpg\" data-srcset=\"https:\/\/nickprod.com\/wp-content\/uploads\/2021\/12\/nickprod-chapiteau-02.jpg 1200w\" alt=\"\" width=\"1200\" height=\"675\"  \/><span class=\"gallery-rollover\"><span class=\"gallery-zoom-ico icomoon-the7-font-the7-zoom-08\"><span><\/span><\/span><\/span><\/a><\/figure><\/div><div data-post-id=\"984\" data-date=\"2021-12-16T21:16:48+00:00\" data-name=\"\"><figure class=\"post\"><a href=\"https:\/\/nickprod.com\/wp-content\/uploads\/2021\/12\/nickprod-chapiteau-03.jpg\" class=\"rollover dt-pswp-item layzr-bg\" data-large_image_width=\"1200\" data-large_image_height=\"675\" data-dt-img-description=\"\" ><img loading=\"lazy\" decoding=\"async\" class=\"preload-me owl-lazy-load\" src=\"data:image\/svg+xml,%3Csvg%20xmlns%3D&#39;http%3A%2F%2Fwww.w3.org%2F2000%2Fsvg&#39;%20viewBox%3D&#39;0%200%201200%20675&#39;%2F%3E\" data-src=\"https:\/\/nickprod.com\/wp-content\/uploads\/2021\/12\/nickprod-chapiteau-03.jpg\" data-srcset=\"https:\/\/nickprod.com\/wp-content\/uploads\/2021\/12\/nickprod-chapiteau-03.jpg 1200w\" alt=\"\" width=\"1200\" height=\"675\"  \/><span class=\"gallery-rollover\"><span class=\"gallery-zoom-ico icomoon-the7-font-the7-zoom-08\"><span><\/span><\/span><\/span><\/a><\/figure><\/div><div data-post-id=\"991\" data-date=\"2022-01-22T22:24:16+00:00\" data-name=\"IMG_0981 (1)\"><figure class=\"post\"><a href=\"https:\/\/nickprod.com\/wp-content\/uploads\/2022\/01\/IMG_0981-1-scaled.jpg\" class=\"rollover dt-pswp-item layzr-bg\" data-large_image_width=\"2560\" data-large_image_height=\"1920\" data-dt-img-description=\"\" title=\"IMG_0981 (1)\"><img loading=\"lazy\" decoding=\"async\" class=\"preload-me owl-lazy-load\" src=\"data:image\/svg+xml,%3Csvg%20xmlns%3D&#39;http%3A%2F%2Fwww.w3.org%2F2000%2Fsvg&#39;%20viewBox%3D&#39;0%200%202560%201440&#39;%2F%3E\" data-src=\"https:\/\/nickprod.com\/wp-content\/uploads\/2022\/01\/IMG_0981-1-scaled-2560x1440.jpg\" data-srcset=\"https:\/\/nickprod.com\/wp-content\/uploads\/2022\/01\/IMG_0981-1-scaled-2560x1440.jpg 2560w\" alt=\"\" width=\"2560\" height=\"1440\"  \/><span class=\"gallery-rollover\"><span class=\"gallery-zoom-ico icomoon-the7-font-the7-zoom-08\"><span><\/span><\/span><\/span><\/a><\/figure><\/div><\/div>[\/vc_column][\/vc_row][vc_section][vc_row][vc_column][vc_empty_space height=&#8221;30&#8243;][\/vc_column][\/vc_row][vc_row gap=&#8221;10&#8243; content_placement=&#8221;middle&#8221;][vc_column width=&#8221;1\/6&#8243;][vc_single_image image=&#8221;227&#8243; img_size=&#8221;full&#8221;][\/vc_column][vc_column width=&#8221;2\/3&#8243;][vc_custom_heading text=&#8221;Let us organize your event as you wish without any limit!&#8221; font_container=&#8221;tag:h1|font_size:15|text_align:left|color:%23ffffff|line_height:1.5&#8243; use_theme_fonts=&#8221;yes&#8221;][vc_column_text]<a href=\"mailto:info@nickprod.ca\">info@nickprod.ca<\/a> | <a href=\"tel:+18197744474\">819.774.4474<\/a>[\/vc_column_text][\/vc_column][vc_column width=&#8221;1\/6&#8243;]<div class=\"  uavc-icons \">\n<a class=\"aio-tooltip 6a05ce797a0b7\" href=\"https:\/\/www.facebook.com\/nickprod.tremblant\/\" target=\"_blank\" rel=\"noopener\"  data-toggle=\"tooltip\" data-placement=\"\" title=\"\"><div class=\"aio-icon  \" data-animation=\"\" data-animation-delay=\"03\" style=\"color:#ffffff;font-size:24px;margin-right:5px;\">\n\t<i class=\"Defaults-facebook\"><\/i>\n<\/div><\/a>\n<a class=\"aio-tooltip 6a05ce797a121\" href=\"https:\/\/www.instagram.com\/nick.prod.ca\/\" target=\"_blank\" rel=\"noopener\"  data-toggle=\"tooltip\" data-placement=\"\" title=\"\"><div class=\"aio-icon  \" data-animation=\"\" data-animation-delay=\"03\" style=\"color:#ffffff;font-size:24px;margin-right:5px;\">\n\t<i class=\"icomoon-the7-font-instagram\"><\/i>\n<\/div><\/a><\/div>[\/vc_column][\/vc_row][\/vc_section]<\/p>\n","protected":false},"excerpt":{"rendered":"<p>[vc_row full_width=&#8221;stretch_row_content_no_spaces&#8221; bg_type=&#8221;bg_color&#8221; bg_override=&#8221;full&#8221; bg_color_value=&#8221;#000000&#8243;][vc_column][vc_single_image image=&#8221;1222&#8243; img_size=&#8221;1621 x 298&#8243; alignment=&#8221;center&#8221;][\/vc_column][\/vc_row][vc_row bg_type=&#8221;bg_color&#8221; bg_override=&#8221;full&#8221; bg_color_value=&#8221;#000000&#8243;][vc_column][vc_column_text]NICKPROD is the leader in marquee rental in the Laurentians! Our magnificent regular and clear-roofed marquees will be the perfect addition to your outdoor event. Whether it&#8217;s for a wedding, a corporate event, a private event or even a festival, we have the&hellip;<\/p>\n","protected":false},"author":4,"featured_media":0,"parent":0,"menu_order":0,"comment_status":"closed","ping_status":"closed","template":"","meta":{"_mi_skip_tracking":false,"footnotes":""},"class_list":["post-1167","page","type-page","status-publish","hentry","description-off"],"yoast_head":"<!-- This site is optimized with the Yoast SEO plugin v27.6 - https:\/\/yoast.com\/product\/yoast-seo-wordpress\/ -->\n<title>Tents - NICKPROD<\/title>\n<meta name=\"robots\" content=\"index, follow, max-snippet:-1, max-image-preview:large, max-video-preview:-1\" \/>\n<link rel=\"canonical\" href=\"https:\/\/nickprod.com\/en\/tents\/\" \/>\n<meta property=\"og:locale\" content=\"en_US\" \/>\n<meta property=\"og:type\" content=\"article\" \/>\n<meta property=\"og:title\" content=\"Tents - NICKPROD\" \/>\n<meta property=\"og:description\" content=\"[vc_row full_width=&#8221;stretch_row_content_no_spaces&#8221; bg_type=&#8221;bg_color&#8221; bg_override=&#8221;full&#8221; bg_color_value=&#8221;#000000&#8243;][vc_column][vc_single_image image=&#8221;1222&#8243; img_size=&#8221;1621 x 298&#8243; alignment=&#8221;center&#8221;][\/vc_column][\/vc_row][vc_row bg_type=&#8221;bg_color&#8221; bg_override=&#8221;full&#8221; bg_color_value=&#8221;#000000&#8243;][vc_column][vc_column_text]NICKPROD is the leader in marquee rental in the Laurentians! Our magnificent regular and clear-roofed marquees will be the perfect addition to your outdoor event. Whether it&#8217;s for a wedding, a corporate event, a private event or even a festival, we have the&hellip;\" \/>\n<meta property=\"og:url\" content=\"https:\/\/nickprod.com\/en\/tents\/\" \/>\n<meta property=\"og:site_name\" content=\"NICKPROD\" \/>\n<meta property=\"article:modified_time\" content=\"2022-10-20T20:02:55+00:00\" \/>\n<meta name=\"twitter:card\" content=\"summary_large_image\" \/>\n<meta name=\"twitter:label1\" content=\"Est. reading time\" \/>\n\t<meta name=\"twitter:data1\" content=\"2 minutes\" \/>\n<script type=\"application\/ld+json\" class=\"yoast-schema-graph\">{\"@context\":\"https:\\\/\\\/schema.org\",\"@graph\":[{\"@type\":\"WebPage\",\"@id\":\"https:\\\/\\\/nickprod.com\\\/en\\\/tents\\\/\",\"url\":\"https:\\\/\\\/nickprod.com\\\/en\\\/tents\\\/\",\"name\":\"Tents - NICKPROD\",\"isPartOf\":{\"@id\":\"https:\\\/\\\/nickprod.com\\\/en\\\/#website\"},\"datePublished\":\"2021-11-30T16:44:32+00:00\",\"dateModified\":\"2022-10-20T20:02:55+00:00\",\"breadcrumb\":{\"@id\":\"https:\\\/\\\/nickprod.com\\\/en\\\/tents\\\/#breadcrumb\"},\"inLanguage\":\"en-US\",\"potentialAction\":[{\"@type\":\"ReadAction\",\"target\":[\"https:\\\/\\\/nickprod.com\\\/en\\\/tents\\\/\"]}]},{\"@type\":\"BreadcrumbList\",\"@id\":\"https:\\\/\\\/nickprod.com\\\/en\\\/tents\\\/#breadcrumb\",\"itemListElement\":[{\"@type\":\"ListItem\",\"position\":1,\"name\":\"Home\",\"item\":\"https:\\\/\\\/nickprod.com\\\/en\\\/\"},{\"@type\":\"ListItem\",\"position\":2,\"name\":\"Tents\"}]},{\"@type\":\"WebSite\",\"@id\":\"https:\\\/\\\/nickprod.com\\\/en\\\/#website\",\"url\":\"https:\\\/\\\/nickprod.com\\\/en\\\/\",\"name\":\"NICKPROD\",\"description\":\"Ton Style - Ton \u00c9v\u00e9nement - Ton Moment\",\"potentialAction\":[{\"@type\":\"SearchAction\",\"target\":{\"@type\":\"EntryPoint\",\"urlTemplate\":\"https:\\\/\\\/nickprod.com\\\/en\\\/?s={search_term_string}\"},\"query-input\":{\"@type\":\"PropertyValueSpecification\",\"valueRequired\":true,\"valueName\":\"search_term_string\"}}],\"inLanguage\":\"en-US\"}]}<\/script>\n<!-- \/ Yoast SEO plugin. -->","yoast_head_json":{"title":"Tents - NICKPROD","robots":{"index":"index","follow":"follow","max-snippet":"max-snippet:-1","max-image-preview":"max-image-preview:large","max-video-preview":"max-video-preview:-1"},"canonical":"https:\/\/nickprod.com\/en\/tents\/","og_locale":"en_US","og_type":"article","og_title":"Tents - NICKPROD","og_description":"[vc_row full_width=&#8221;stretch_row_content_no_spaces&#8221; bg_type=&#8221;bg_color&#8221; bg_override=&#8221;full&#8221; bg_color_value=&#8221;#000000&#8243;][vc_column][vc_single_image image=&#8221;1222&#8243; img_size=&#8221;1621 x 298&#8243; alignment=&#8221;center&#8221;][\/vc_column][\/vc_row][vc_row bg_type=&#8221;bg_color&#8221; bg_override=&#8221;full&#8221; bg_color_value=&#8221;#000000&#8243;][vc_column][vc_column_text]NICKPROD is the leader in marquee rental in the Laurentians! Our magnificent regular and clear-roofed marquees will be the perfect addition to your outdoor event. Whether it&#8217;s for a wedding, a corporate event, a private event or even a festival, we have the&hellip;","og_url":"https:\/\/nickprod.com\/en\/tents\/","og_site_name":"NICKPROD","article_modified_time":"2022-10-20T20:02:55+00:00","twitter_card":"summary_large_image","twitter_misc":{"Est. reading time":"2 minutes"},"schema":{"@context":"https:\/\/schema.org","@graph":[{"@type":"WebPage","@id":"https:\/\/nickprod.com\/en\/tents\/","url":"https:\/\/nickprod.com\/en\/tents\/","name":"Tents - NICKPROD","isPartOf":{"@id":"https:\/\/nickprod.com\/en\/#website"},"datePublished":"2021-11-30T16:44:32+00:00","dateModified":"2022-10-20T20:02:55+00:00","breadcrumb":{"@id":"https:\/\/nickprod.com\/en\/tents\/#breadcrumb"},"inLanguage":"en-US","potentialAction":[{"@type":"ReadAction","target":["https:\/\/nickprod.com\/en\/tents\/"]}]},{"@type":"BreadcrumbList","@id":"https:\/\/nickprod.com\/en\/tents\/#breadcrumb","itemListElement":[{"@type":"ListItem","position":1,"name":"Home","item":"https:\/\/nickprod.com\/en\/"},{"@type":"ListItem","position":2,"name":"Tents"}]},{"@type":"WebSite","@id":"https:\/\/nickprod.com\/en\/#website","url":"https:\/\/nickprod.com\/en\/","name":"NICKPROD","description":"Ton Style - Ton \u00c9v\u00e9nement - Ton Moment","potentialAction":[{"@type":"SearchAction","target":{"@type":"EntryPoint","urlTemplate":"https:\/\/nickprod.com\/en\/?s={search_term_string}"},"query-input":{"@type":"PropertyValueSpecification","valueRequired":true,"valueName":"search_term_string"}}],"inLanguage":"en-US"}]}},"_links":{"self":[{"href":"https:\/\/nickprod.com\/en\/wp-json\/wp\/v2\/pages\/1167","targetHints":{"allow":["GET"]}}],"collection":[{"href":"https:\/\/nickprod.com\/en\/wp-json\/wp\/v2\/pages"}],"about":[{"href":"https:\/\/nickprod.com\/en\/wp-json\/wp\/v2\/types\/page"}],"author":[{"embeddable":true,"href":"https:\/\/nickprod.com\/en\/wp-json\/wp\/v2\/users\/4"}],"replies":[{"embeddable":true,"href":"https:\/\/nickprod.com\/en\/wp-json\/wp\/v2\/comments?post=1167"}],"version-history":[{"count":5,"href":"https:\/\/nickprod.com\/en\/wp-json\/wp\/v2\/pages\/1167\/revisions"}],"predecessor-version":[{"id":1230,"href":"https:\/\/nickprod.com\/en\/wp-json\/wp\/v2\/pages\/1167\/revisions\/1230"}],"wp:attachment":[{"href":"https:\/\/nickprod.com\/en\/wp-json\/wp\/v2\/media?parent=1167"}],"curies":[{"name":"wp","href":"https:\/\/api.w.org\/{rel}","templated":true}]}}