{"id":1203,"date":"2022-10-05T14:17:35","date_gmt":"2022-10-05T14:17:35","guid":{"rendered":"https:\/\/nickprod.com\/?page_id=1203"},"modified":"2022-10-20T19:59:37","modified_gmt":"2022-10-20T19:59:37","slug":"corporate","status":"publish","type":"page","link":"https:\/\/nickprod.com\/en\/corporate\/","title":{"rendered":"corpo"},"content":{"rendered":"<p>[vc_row full_width=&#8221;stretch_row_content_no_spaces&#8221; bg_type=&#8221;bg_color&#8221; bg_override=&#8221;full&#8221; bg_color_value=&#8221;#000000&#8243;][vc_column][vc_single_image image=&#8221;388&#8243; img_size=&#8221;full&#8221; alignment=&#8221;center&#8221;][\/vc_column][\/vc_row][vc_row bg_type=&#8221;bg_color&#8221; bg_override=&#8221;full&#8221; bg_color_value=&#8221;#000000&#8243;][vc_column][vc_empty_space][vc_custom_heading text=&#8221;Who said corporations were boring? Certainly not us at NICKPROD!&#8221; font_container=&#8221;tag:h1|font_size:25|text_align:left|color:%23ffffff|line_height:1.5&#8243; use_theme_fonts=&#8221;yes&#8221;][vc_column_text]Let us organize your corporate event and you will be surprised by its success! Our personalized service builds strong, long-term relationships and forever memories. Let yourself be charmed by our simplicity when creating YOUR EVENT so that you can live YOUR MOMENT.[\/vc_column_text][\/vc_column][\/vc_row][vc_row full_width=&#8221;stretch_row&#8221; bg_type=&#8221;bg_color&#8221; bg_override=&#8221;full&#8221; bg_color_value=&#8221;#000000&#8243;][vc_column][vc_empty_space][vc_custom_heading text=&#8221;Some services that could make the difference during your event&#8221; font_container=&#8221;tag:h1|font_size:24|text_align:left|color:%23ffffff|line_height:1.2&#8243; use_theme_fonts=&#8221;yes&#8221;][\/vc_column][\/vc_row][vc_row full_width=&#8221;stretch_row&#8221; gap=&#8221;25&#8243; bg_type=&#8221;bg_color&#8221; bg_override=&#8221;full&#8221; bg_color_value=&#8221;#000000&#8243;][vc_column width=&#8221;1\/2&#8243;][vc_custom_heading text=&#8221;Tent rentals&#8221; font_container=&#8221;tag:h1|font_size:34|text_align:left|color:%23ffffff|line_height:1&#8243; google_fonts=&#8221;font_family:Alex%20Brush%3Aregular|font_style:400%20regular%3A400%3Anormal&#8221;][vc_column_text]NICKPROD is the leader in tent rental in the Laurentians! Our magnificent regular marquees with clear roofs will be the perfect addition to your outdoor event.[\/vc_column_text][vc_empty_space height=&#8221;20&#8243;][vc_custom_heading text=&#8221;Custom service, Dj\/band, artist&#8221; font_container=&#8221;tag:h1|font_size:34|text_align:left|color:%23ffffff|line_height:1&#8243; google_fonts=&#8221;font_family:Alex%20Brush%3Aregular|font_style:400%20regular%3A400%3Anormal&#8221;][vc_column_text]Add atmosphere to your event with a DJ or a band that will play your favorite songs. Because dancing is good for everyone![\/vc_column_text][vc_empty_space height=&#8221;20&#8243;][vc_custom_heading text=&#8221;Catering, sommelier, bar service&#8221; font_container=&#8221;tag:h1|font_size:34|text_align:left|color:%23ffffff|line_height:1&#8243; google_fonts=&#8221;font_family:Alex%20Brush%3Aregular|font_style:400%20regular%3A400%3Anormal&#8221;][vc_column_text]Offer a culinary adventure to your guests with our catering, sommelier and bar service! Diversity never tasted better than with NICKPROD.[\/vc_column_text][\/vc_column][vc_column width=&#8221;1\/2&#8243;][vc_custom_heading text=&#8221;Furniture rental&#8221; font_container=&#8221;tag:h1|font_size:34|text_align:left|color:%23ffffff|line_height:1&#8243; google_fonts=&#8221;font_family:Alex%20Brush%3Aregular|font_style:400%20regular%3A400%3Anormal&#8221;][vc_column_text]It is possible to rent several types of furniture to make your event more welcoming. Whether tables, chairs or furniture to create lounge areas, you will find the perfect set for your event.[\/vc_column_text][vc_empty_space height=&#8221;20&#8243;][vc_custom_heading text=&#8221;Souvenir photo and video&#8221; font_container=&#8221;tag:h1|font_size:34|text_align:left|color:%23ffffff|line_height:1&#8243; google_fonts=&#8221;font_family:Alex%20Brush%3Aregular|font_style:400%20regular%3A400%3Anormal&#8221;][vc_column_text]Let us capture precious moments of your day and remember them forever with our photography and videography service.<br \/>\nAnd more ![\/vc_column_text][\/vc_column][\/vc_row][vc_row full_width=&#8221;stretch_row_content_no_spaces&#8221; bg_type=&#8221;image&#8221; parallax_style=&#8221;vcpb-default&#8221; bg_image_new=&#8221;id^915|url^https:\/\/nickprod.com\/wp-content\/uploads\/2022\/08\/DSC03911-1.jpg|caption^null|alt^null|title^DSC03911-1|description^null&#8221; bg_image_repeat=&#8221;no-repeat&#8221; parallax_content=&#8221;parallax_content_value&#8221; parallax_content_sense=&#8221;1.5&#8243; css=&#8221;.vc_custom_1664378674488{padding-top: 200px !important;padding-bottom: 200px !important;background-color: rgba(0,0,0,0.5) !important;*background-color: rgb(0,0,0) !important;}&#8221;][vc_column][vc_custom_heading text=&#8221;Contact us to start planning your corporate event !&#8221; font_container=&#8221;tag:h1|font_size:24|text_align:center|color:%23ffffff|line_height:1.5&#8243; google_fonts=&#8221;font_family:Open%20Sans%3A300%2C300italic%2Cregular%2Citalic%2C600%2C600italic%2C700%2C700italic%2C800%2C800italic|font_style:400%20regular%3A400%3Anormal&#8221;][vc_empty_space height=&#8221;40&#8243;][mvc_advanced_button align=&#8221;center&#8221; btn_animation=&#8221;button&#8211;float&#8221; icon_position=&#8221;right&#8221; btn_text=&#8221;<b>Start the adventure!<\/b>&#8221; btn_size=&#8221;16&#8243; icon_size=&#8221;16&#8243; use_theme_fonts=&#8221;yes&#8221; btn_icon=&#8221;fas fa-angle-right&#8221; btn_clr=&#8221;#000000&#8243; btn_bg=&#8221;#ffffff&#8221; btn_hvrclr=&#8221;#000000&#8243; btn_hvrbg=&#8221;#ffffff&#8221; btn_radius=&#8221;15&#8243; btn_url=&#8221;url:https%3A%2F%2Fnickprod.com%2Fcontact%2F|title:Contact&#8221;][\/vc_column][\/vc_row][vc_row full_width=&#8221;stretch_row_content_no_spaces&#8221; parallax_content=&#8221;parallax_content_value&#8221; css=&#8221;.vc_custom_1664378606222{margin-top: 0px !important;background-color: #ffffff !important;}&#8221;][vc_column css=&#8221;.vc_custom_1664378919943{margin-top: -30px !important;}&#8221;][vc_media_grid element_width=&#8221;6&#8243; grid_id=&#8221;vc_gid:1664980825966-cde4928f-3756-5&#8243; include=&#8221;922,832&#8243;][\/vc_column][\/vc_row][vc_section][vc_row][vc_column][vc_empty_space height=&#8221;30&#8243;][\/vc_column][\/vc_row][vc_row gap=&#8221;10&#8243; content_placement=&#8221;middle&#8221;][vc_column width=&#8221;1\/6&#8243;][vc_single_image image=&#8221;227&#8243; img_size=&#8221;full&#8221;][\/vc_column][vc_column width=&#8221;2\/3&#8243;][vc_custom_heading text=&#8221;Let us organize your event as you wish without any limit!&#8221; font_container=&#8221;tag:h1|font_size:15|text_align:left|color:%23ffffff|line_height:1.5&#8243; use_theme_fonts=&#8221;yes&#8221;][vc_column_text]<a href=\"mailto:info@nickprod.ca\">info@nickprod.ca<\/a> | <a href=\"tel:+18197744474\">819.774.4474<\/a>[\/vc_column_text][\/vc_column][vc_column width=&#8221;1\/6&#8243;]<div class=\"  uavc-icons \">\n<a class=\"aio-tooltip 6a05d1175515e\" href=\"https:\/\/www.facebook.com\/nickprod.tremblant\/\" target=\"_blank\" rel=\"noopener\"  data-toggle=\"tooltip\" data-placement=\"\" title=\"\"><div class=\"aio-icon  \" data-animation=\"\" data-animation-delay=\"03\" style=\"color:#ffffff;font-size:24px;margin-right:5px;\">\n\t<i class=\"Defaults-facebook\"><\/i>\n<\/div><\/a>\n<a class=\"aio-tooltip 6a05d117551bb\" href=\"https:\/\/www.instagram.com\/nick.prod.ca\/\" target=\"_blank\" rel=\"noopener\"  data-toggle=\"tooltip\" data-placement=\"\" title=\"\"><div class=\"aio-icon  \" data-animation=\"\" data-animation-delay=\"03\" style=\"color:#ffffff;font-size:24px;margin-right:5px;\">\n\t<i class=\"icomoon-the7-font-instagram\"><\/i>\n<\/div><\/a><\/div>[\/vc_column][\/vc_row][\/vc_section]<\/p>\n","protected":false},"excerpt":{"rendered":"<p>[vc_row full_width=&#8221;stretch_row_content_no_spaces&#8221; bg_type=&#8221;bg_color&#8221; bg_override=&#8221;full&#8221; bg_color_value=&#8221;#000000&#8243;][vc_column][vc_single_image image=&#8221;388&#8243; img_size=&#8221;full&#8221; alignment=&#8221;center&#8221;][\/vc_column][\/vc_row][vc_row bg_type=&#8221;bg_color&#8221; bg_override=&#8221;full&#8221; bg_color_value=&#8221;#000000&#8243;][vc_column][vc_empty_space][vc_custom_heading text=&#8221;Who said corporations were boring? Certainly not us at NICKPROD!&#8221; font_container=&#8221;tag:h1|font_size:25|text_align:left|color:%23ffffff|line_height:1.5&#8243; use_theme_fonts=&#8221;yes&#8221;][vc_column_text]Let us organize your corporate event and you will be surprised by its success! Our personalized service builds strong, long-term relationships and forever memories. Let yourself be charmed by our simplicity when creating&hellip;<\/p>\n","protected":false},"author":4,"featured_media":0,"parent":0,"menu_order":0,"comment_status":"closed","ping_status":"closed","template":"","meta":{"_mi_skip_tracking":false,"footnotes":""},"class_list":["post-1203","page","type-page","status-publish","hentry","description-off"],"yoast_head":"<!-- This site is optimized with the Yoast SEO plugin v27.6 - https:\/\/yoast.com\/product\/yoast-seo-wordpress\/ -->\n<title>Pour vos party corporatifs dans les Laurentides, Mont-Tremblant<\/title>\n<meta name=\"description\" content=\"Pour vos \u00e9v\u00e9nements et party corporatifs, location d&#039;\u00e9quipements, chapiteaux, locations de chaises, sonorisation, dj, traiteur, cocktails.\" \/>\n<meta name=\"robots\" content=\"index, follow, max-snippet:-1, max-image-preview:large, max-video-preview:-1\" \/>\n<link rel=\"canonical\" href=\"https:\/\/nickprod.com\/en\/corporate\/\" \/>\n<meta property=\"og:locale\" content=\"en_US\" \/>\n<meta property=\"og:type\" content=\"article\" \/>\n<meta property=\"og:title\" content=\"Pour vos party corporatifs dans les Laurentides, Mont-Tremblant\" \/>\n<meta property=\"og:description\" content=\"Pour vos \u00e9v\u00e9nements et party corporatifs, location d&#039;\u00e9quipements, chapiteaux, locations de chaises, sonorisation, dj, traiteur, cocktails.\" \/>\n<meta property=\"og:url\" content=\"https:\/\/nickprod.com\/en\/corporate\/\" \/>\n<meta property=\"og:site_name\" content=\"NICKPROD\" \/>\n<meta property=\"article:modified_time\" content=\"2022-10-20T19:59:37+00:00\" \/>\n<meta name=\"twitter:card\" content=\"summary_large_image\" \/>\n<meta name=\"twitter:label1\" content=\"Est. reading time\" \/>\n\t<meta name=\"twitter:data1\" content=\"5 minutes\" \/>\n<script type=\"application\/ld+json\" class=\"yoast-schema-graph\">{\"@context\":\"https:\\\/\\\/schema.org\",\"@graph\":[{\"@type\":\"WebPage\",\"@id\":\"https:\\\/\\\/nickprod.com\\\/en\\\/corporate\\\/\",\"url\":\"https:\\\/\\\/nickprod.com\\\/en\\\/corporate\\\/\",\"name\":\"Pour vos party corporatifs dans les Laurentides, Mont-Tremblant\",\"isPartOf\":{\"@id\":\"https:\\\/\\\/nickprod.com\\\/en\\\/#website\"},\"datePublished\":\"2022-10-05T14:17:35+00:00\",\"dateModified\":\"2022-10-20T19:59:37+00:00\",\"description\":\"Pour vos \u00e9v\u00e9nements et party corporatifs, location d'\u00e9quipements, chapiteaux, locations de chaises, sonorisation, dj, traiteur, cocktails.\",\"breadcrumb\":{\"@id\":\"https:\\\/\\\/nickprod.com\\\/en\\\/corporate\\\/#breadcrumb\"},\"inLanguage\":\"en-US\",\"potentialAction\":[{\"@type\":\"ReadAction\",\"target\":[\"https:\\\/\\\/nickprod.com\\\/en\\\/corporate\\\/\"]}]},{\"@type\":\"BreadcrumbList\",\"@id\":\"https:\\\/\\\/nickprod.com\\\/en\\\/corporate\\\/#breadcrumb\",\"itemListElement\":[{\"@type\":\"ListItem\",\"position\":1,\"name\":\"Home\",\"item\":\"https:\\\/\\\/nickprod.com\\\/en\\\/\"},{\"@type\":\"ListItem\",\"position\":2,\"name\":\"corpo\"}]},{\"@type\":\"WebSite\",\"@id\":\"https:\\\/\\\/nickprod.com\\\/en\\\/#website\",\"url\":\"https:\\\/\\\/nickprod.com\\\/en\\\/\",\"name\":\"NICKPROD\",\"description\":\"Ton Style - Ton \u00c9v\u00e9nement - Ton Moment\",\"potentialAction\":[{\"@type\":\"SearchAction\",\"target\":{\"@type\":\"EntryPoint\",\"urlTemplate\":\"https:\\\/\\\/nickprod.com\\\/en\\\/?s={search_term_string}\"},\"query-input\":{\"@type\":\"PropertyValueSpecification\",\"valueRequired\":true,\"valueName\":\"search_term_string\"}}],\"inLanguage\":\"en-US\"}]}<\/script>\n<!-- \/ Yoast SEO plugin. -->","yoast_head_json":{"title":"Pour vos party corporatifs dans les Laurentides, Mont-Tremblant","description":"Pour vos \u00e9v\u00e9nements et party corporatifs, location d'\u00e9quipements, chapiteaux, locations de chaises, sonorisation, dj, traiteur, cocktails.","robots":{"index":"index","follow":"follow","max-snippet":"max-snippet:-1","max-image-preview":"max-image-preview:large","max-video-preview":"max-video-preview:-1"},"canonical":"https:\/\/nickprod.com\/en\/corporate\/","og_locale":"en_US","og_type":"article","og_title":"Pour vos party corporatifs dans les Laurentides, Mont-Tremblant","og_description":"Pour vos \u00e9v\u00e9nements et party corporatifs, location d'\u00e9quipements, chapiteaux, locations de chaises, sonorisation, dj, traiteur, cocktails.","og_url":"https:\/\/nickprod.com\/en\/corporate\/","og_site_name":"NICKPROD","article_modified_time":"2022-10-20T19:59:37+00:00","twitter_card":"summary_large_image","twitter_misc":{"Est. reading time":"5 minutes"},"schema":{"@context":"https:\/\/schema.org","@graph":[{"@type":"WebPage","@id":"https:\/\/nickprod.com\/en\/corporate\/","url":"https:\/\/nickprod.com\/en\/corporate\/","name":"Pour vos party corporatifs dans les Laurentides, Mont-Tremblant","isPartOf":{"@id":"https:\/\/nickprod.com\/en\/#website"},"datePublished":"2022-10-05T14:17:35+00:00","dateModified":"2022-10-20T19:59:37+00:00","description":"Pour vos \u00e9v\u00e9nements et party corporatifs, location d'\u00e9quipements, chapiteaux, locations de chaises, sonorisation, dj, traiteur, cocktails.","breadcrumb":{"@id":"https:\/\/nickprod.com\/en\/corporate\/#breadcrumb"},"inLanguage":"en-US","potentialAction":[{"@type":"ReadAction","target":["https:\/\/nickprod.com\/en\/corporate\/"]}]},{"@type":"BreadcrumbList","@id":"https:\/\/nickprod.com\/en\/corporate\/#breadcrumb","itemListElement":[{"@type":"ListItem","position":1,"name":"Home","item":"https:\/\/nickprod.com\/en\/"},{"@type":"ListItem","position":2,"name":"corpo"}]},{"@type":"WebSite","@id":"https:\/\/nickprod.com\/en\/#website","url":"https:\/\/nickprod.com\/en\/","name":"NICKPROD","description":"Ton Style - Ton \u00c9v\u00e9nement - Ton Moment","potentialAction":[{"@type":"SearchAction","target":{"@type":"EntryPoint","urlTemplate":"https:\/\/nickprod.com\/en\/?s={search_term_string}"},"query-input":{"@type":"PropertyValueSpecification","valueRequired":true,"valueName":"search_term_string"}}],"inLanguage":"en-US"}]}},"_links":{"self":[{"href":"https:\/\/nickprod.com\/en\/wp-json\/wp\/v2\/pages\/1203","targetHints":{"allow":["GET"]}}],"collection":[{"href":"https:\/\/nickprod.com\/en\/wp-json\/wp\/v2\/pages"}],"about":[{"href":"https:\/\/nickprod.com\/en\/wp-json\/wp\/v2\/types\/page"}],"author":[{"embeddable":true,"href":"https:\/\/nickprod.com\/en\/wp-json\/wp\/v2\/users\/4"}],"replies":[{"embeddable":true,"href":"https:\/\/nickprod.com\/en\/wp-json\/wp\/v2\/comments?post=1203"}],"version-history":[{"count":6,"href":"https:\/\/nickprod.com\/en\/wp-json\/wp\/v2\/pages\/1203\/revisions"}],"predecessor-version":[{"id":1213,"href":"https:\/\/nickprod.com\/en\/wp-json\/wp\/v2\/pages\/1203\/revisions\/1213"}],"wp:attachment":[{"href":"https:\/\/nickprod.com\/en\/wp-json\/wp\/v2\/media?parent=1203"}],"curies":[{"name":"wp","href":"https:\/\/api.w.org\/{rel}","templated":true}]}}